{"id":19,"date":"2025-12-17T22:53:06","date_gmt":"2025-12-17T22:53:06","guid":{"rendered":"https:\/\/anitamancini.eu\/?page_id=19"},"modified":"2026-03-20T21:35:16","modified_gmt":"2026-03-20T21:35:16","slug":"home","status":"publish","type":"page","link":"https:\/\/anitamancini.eu\/","title":{"rendered":"Home"},"content":{"rendered":"<p>[et_pb_section fb_built=&#8220;1&#8243; admin_label=&#8220;Header&#8220; _builder_version=&#8220;4.27.0&#8243; _module_preset=&#8220;b2f0f903-1884-49cc-91b5-67b0c5cff831&#8243; use_background_color_gradient=&#8220;on&#8220; background_color_gradient_direction=&#8220;90deg&#8220; background_color_gradient_stops=&#8220;rgba(255,255,255,0) 65%|gcid-primary-color 65%&#8220; background_last_edited=&#8220;on|desktop&#8220; use_background_color_gradient_tablet=&#8220;on&#8220; use_background_color_gradient_phone=&#8220;on&#8220; background_color_gradient_direction_tablet=&#8220;180deg&#8220; background_color_gradient_stops_tablet=&#8220;rgba(255,255,255,0) 60%|gcid-2a386b1e-9149-40c6-b24d-5e9fedecf039 60%&#8220; background_color_gradient_stops_phone=&#8220;rgba(255,255,255,0) 60%|gcid-2a386b1e-9149-40c6-b24d-5e9fedecf039 60%&#8220; collapsed=&#8220;on&#8220; global_colors_info=&#8220;{%22gcid-primary-color%22:%91%22background_color_gradient_stops%22%93,%22gcid-76eac27c-c083-49e4-a32b-e6a520b2a2e4%22:%91%22background_color%22%93}&#8220;][et_pb_row column_structure=&#8220;1_2,1_2&#8243; _builder_version=&#8220;4.27.5&#8243; _module_preset=&#8220;default&#8220; global_colors_info=&#8220;{}&#8220;][et_pb_column type=&#8220;1_2&#8243; _builder_version=&#8220;4.25.1&#8243; _module_preset=&#8220;default&#8220; custom_padding=&#8220;100px||||false|false&#8220; custom_padding_tablet=&#8220;0px||||false|false&#8220; custom_padding_phone=&#8220;||||false|false&#8220; custom_padding_last_edited=&#8220;on|phone&#8220; global_colors_info=&#8220;{}&#8220;][et_pb_heading title=&#8220;Raus ins Freie&#8230;&#8220; _builder_version=&#8220;4.27.5&#8243; _module_preset=&#8220;4c6e5231-6781-4ecc-8c77-f254a7fb9546&#8243; custom_margin=&#8220;||10px||false|false&#8220;][\/et_pb_heading][et_pb_heading title=&#8220;denn dort findet das eigentliche Leben statt!&#8220; _builder_version=&#8220;4.27.5&#8243; _module_preset=&#8220;4c6e5231-6781-4ecc-8c77-f254a7fb9546&#8243; title_font_size=&#8220;20px&#8220; custom_margin=&#8220;||10px||false|false&#8220;][\/et_pb_heading][et_pb_text _builder_version=&#8220;4.27.5&#8243; _module_preset=&#8220;ffd25215-b48d-4fbc-a4f2-263d9c118183&#8243; global_colors_info=&#8220;{}&#8220;]<\/p>\n<p>&nbsp;<\/p>\n<p>Im Einklang mit der Natur \u2013 f\u00fcr ganzheitliche Gesundheit<\/p>\n<p>Die Natur ist meine gr\u00f6\u00dfte Lehrmeisterin. Sie zeigt uns jeden Tag, dass alles miteinander verbunden ist \u2013 auch wir Menschen sind ein Teil von ihr. Wenn wir wieder lernen, im Einklang mit der Natur zu leben, kann Gesundheit auf allen Ebenen entstehen.<\/p>\n<p>Seit jeher besch\u00e4ftige ich mich intensiv mit Gesundheit und Ern\u00e4hrung. Dabei wurde mir immer klarer, wie eng unser Wohlbefinden mit dem verbunden ist, was wir unserem K\u00f6rper zuf\u00fchren \u2013 und wie wir leben, f\u00fchlen und denken. Ern\u00e4hrung ist f\u00fcr mich weit mehr als reine N\u00e4hrstoffaufnahme: Sie ist eine Form der Selbstf\u00fcrsorge und eine direkte Verbindung zur Natur.<\/p>\n<p>Als zertifizierte holistische Gesundheitsberaterin (Institut AKN der Naturheilkunde) betrachte ich den Menschen ganzheitlich \u2013 K\u00f6rper, Geist und Seele als Einheit. Jeder Mensch ist einzigartig, und genau so individuell sollte auch der Weg zu mehr Gesundheit sein.<\/p>\n<p>Mein Ansatz ist naturverbunden, achtsam und nachhaltig. Ich begleite dich dabei, wieder ein feines Gesp\u00fcr f\u00fcr deinen K\u00f6rper zu entwickeln, nat\u00fcrliche Ern\u00e4hrung in deinen Alltag zu integrieren und deinen eigenen, stimmigen Weg zu mehr Wohlbefinden zu finden.<\/p>\n<p>Gesundheit beginnt dort, wo wir uns wieder erinnern, dass wir Teil der Natur sind.<\/p>\n<p>[\/et_pb_text][\/et_pb_column][et_pb_column type=&#8220;1_2&#8243; _builder_version=&#8220;4.25.1&#8243; _module_preset=&#8220;default&#8220; global_colors_info=&#8220;{}&#8220;][et_pb_image src=&#8220;https:\/\/anitamancini.eu\/wp-content\/uploads\/2026\/01\/IMG_0106.jpg&#8220; title_text=&#8220;Anita Mancini&#8220; _builder_version=&#8220;4.27.5&#8243; _module_preset=&#8220;f21fbe5f-88e4-4164-80c5-5463807b31f3&#8243; z_index=&#8220;11&#8243; custom_margin=&#8220;||0px||false|false&#8220; border_width_all=&#8220;16px&#8220; border_color_all=&#8220;#FFFFFF&#8220; box_shadow_color=&#8220;rgba(0,0,0,0.11)&#8220; global_colors_info=&#8220;{}&#8220; box_shadow_color__hover=&#8220;&#8220; box_shadow_color__hover_enabled=&#8220;on|hover&#8220;][\/et_pb_image][et_pb_button button_text=&#8220;Um was geht es ?&#8220; button_alignment=&#8220;center&#8220; _builder_version=&#8220;4.27.5&#8243; _module_preset=&#8220;92eaccd2-ffea-4ebb-82ff-e123fec0fcc8&#8243; global_colors_info=&#8220;{}&#8220;][\/et_pb_button][et_pb_image src=&#8220;https:\/\/anitamancini.eu\/wp-content\/uploads\/2025\/12\/F85E61BF-8D18-49CA-A9C0-B703C6118217.jpg&#8220; title_text=&#8220;Hoch \u00fcber Toblach&#8220; _builder_version=&#8220;4.27.5&#8243; _module_preset=&#8220;default&#8220; border_width_all=&#8220;17px&#8220; border_color_all=&#8220;#FFFFFF&#8220; global_colors_info=&#8220;{}&#8220;][\/et_pb_image][\/et_pb_column][\/et_pb_row][\/et_pb_section][et_pb_section fb_built=&#8220;1&#8243; admin_label=&#8220;Subscribe&#8220; _builder_version=&#8220;4.27.0&#8243; _module_preset=&#8220;b2f0f903-1884-49cc-91b5-67b0c5cff831&#8243; background_color=&#8220;#BFC7C2&#8243; custom_padding=&#8220;20px||20px||true|false&#8220; collapsed=&#8220;on&#8220; global_colors_info=&#8220;{}&#8220;][et_pb_row column_structure=&#8220;1_2,1_2&#8243; _builder_version=&#8220;4.27.5&#8243; _module_preset=&#8220;default&#8220; global_colors_info=&#8220;{}&#8220;][et_pb_column type=&#8220;1_2&#8243; _builder_version=&#8220;4.25.1&#8243; _module_preset=&#8220;default&#8220; global_colors_info=&#8220;{}&#8220;][et_pb_heading title=&#8220;Newsletter &#8220; _builder_version=&#8220;4.27.5&#8243; _module_preset=&#8220;c33b9c23-46df-4d27-8dd9-9e814c0c1c2d&#8220; custom_margin=&#8220;||10px||false|false&#8220; locked=&#8220;off&#8220;][\/et_pb_heading][\/et_pb_column][et_pb_column type=&#8220;1_2&#8243; _builder_version=&#8220;4.25.1&#8243; _module_preset=&#8220;default&#8220; global_colors_info=&#8220;{}&#8220;][et_pb_signup mailchimp_list=&#8220;elegantthemestest|1ea2bbd026&#8243; first_name_field=&#8220;off&#8220; last_name_field=&#8220;off&#8220; _builder_version=&#8220;4.25.2&#8243; _module_preset=&#8220;949995e7-4211-46f1-8ff9-86775adbca34&#8243; locked=&#8220;off&#8220; global_colors_info=&#8220;{%22gcid-primary-color%22:%91%22form_field_text_color%22,%22form_field_focus_text_color%22%93}&#8220;][\/et_pb_signup][\/et_pb_column][\/et_pb_row][\/et_pb_section][et_pb_section fb_built=&#8220;1&#8243; admin_label=&#8220;About&#8220; _builder_version=&#8220;4.25.2&#8243; _module_preset=&#8220;default&#8220; collapsed=&#8220;on&#8220; global_colors_info=&#8220;{}&#8220;][et_pb_row column_structure=&#8220;1_2,1_2&#8243; _builder_version=&#8220;4.27.0&#8243; _module_preset=&#8220;default&#8220; global_colors_info=&#8220;{}&#8220;][et_pb_column type=&#8220;1_2&#8243; _builder_version=&#8220;4.25.2&#8243; _module_preset=&#8220;807abeca-148f-4729-b1fc-9c5d3cd207f8&#8243; custom_padding=&#8220;|30px|20px|30px|false|true&#8220; custom_padding_tablet=&#8220;|30px|30px|30px|false|true&#8220; custom_padding_phone=&#8220;|20px|20px|20px|false|true&#8220; global_colors_info=&#8220;{}&#8220;][et_pb_image src=&#8220;https:\/\/anitamancini.eu\/wp-content\/uploads\/2026\/03\/IMG_4114-scaled.jpeg&#8220; title_text=&#8220;IMG_4114&#8243; _builder_version=&#8220;4.27.5&#8243; _module_preset=&#8220;default&#8220; custom_margin=&#8220;|-30px||-30px|false|true&#8220; custom_margin_tablet=&#8220;|-30px||-30px|false|true&#8220; custom_margin_phone=&#8220;|-20px||-20px|false|true&#8220; custom_margin_last_edited=&#8220;on|desktop&#8220; filter_saturate=&#8220;0%&#8220; locked=&#8220;off&#8220; global_colors_info=&#8220;{}&#8220;][\/et_pb_image][et_pb_heading title=&#8220;Anita Mancini&#8220; _builder_version=&#8220;4.27.5&#8243; _module_preset=&#8220;a08648e3-3cef-40af-8f87-3b454028a8a8&#8243; title_text_align=&#8220;center&#8220; custom_margin=&#8220;||10px||false|false&#8220; locked=&#8220;off&#8220;][\/et_pb_heading][\/et_pb_column][et_pb_column type=&#8220;1_2&#8243; _builder_version=&#8220;4.27.0&#8243; _module_preset=&#8220;default&#8220; global_colors_info=&#8220;{}&#8220;][et_pb_heading title=&#8220;\u00dcber mich..&#8220; _builder_version=&#8220;4.25.1&#8243; _module_preset=&#8220;214ff0f0-ebdf-4ebf-b27d-55532042b669&#8243; custom_margin=&#8220;||10px||false|false&#8220; locked=&#8220;off&#8220;][\/et_pb_heading][et_pb_text _builder_version=&#8220;4.27.0&#8243; _module_preset=&#8220;ffd25215-b48d-4fbc-a4f2-263d9c118183&#8243; locked=&#8220;off&#8220; global_colors_info=&#8220;{}&#8220;]<\/p>\n<p data-start=\"276\" data-end=\"638\">Schon als Kind war ich viel in der Natur unterwegs. Einen pr\u00e4genden Einfluss hatten dabei meine Gro\u00dfeltern v\u00e4terlicherseits, die als Selbstversorger im Norden der Region Latium, am Ausl\u00e4ufer des Apennins, lebten. Dort lernte ich fr\u00fch den respektvollen Umgang mit der Natur, den Wert von Einfachheit und die tiefe Verbundenheit mit nat\u00fcrlichen Kreisl\u00e4ufen kennen.<\/p>\n<p data-start=\"640\" data-end=\"1166\">Aufgewachsen bin ich in S\u00fcdtirol, einer Landschaft, die meine Beziehung zur Natur weiter vertieft hat. Die Berge wurden zu einem festen Bestandteil meines Lebens. Diese Verbundenheit zeigte sich sp\u00e4ter auch in meiner beruflichen Laufbahn: Als Naturparkbetreuerin im Naturpark Rieserferner-Ahrn war ich t\u00e4glich in den Bergen unterwegs. Viele dieser Wege ging ich allein \u2013 und gerade in diesen stillen Momenten erlebte ich eine tiefe Ruhe und Erdung, eine N\u00e4he zur Natur, die mich nachhaltig gepr\u00e4gt hat und bis heute begleitet.<\/p>\n<p data-start=\"1168\" data-end=\"1486\">Nach eigenen gesundheitlichen Herausforderungen begann ich, mich intensiv mit dem Thema Ern\u00e4hrung und ganzheitlicher Gesundheit auseinanderzusetzen. Dieser pers\u00f6nliche Weg f\u00fchrte mich zu einer Ausbildung als Fachberaterin f\u00fcr holistische Gesundheit. Erg\u00e4nzend dazu absolvierte ich eine Aromatherapieausbildung in Graz.<\/p>\n<p data-start=\"1488\" data-end=\"1857\">Meine Leidenschaft f\u00fcr den menschlichen K\u00f6rper und seine Zusammenh\u00e4nge vertiefte ich weiter mit der Ausbildung zur gewerblichen Masseurin und Sportmasseurin an der Massagefachschule in Graz. Im Rahmen dieser Ausbildung erwarb ich fundierte Kenntnisse in Anatomie und Pathologie sowie in der Traditionellen Chinesischen Medizin (TCM) und der Akupunkturmassage nach Benz.<\/p>\n<p data-start=\"1859\" data-end=\"2109\">Auch sportlich war ich in jungen Jahren sehr aktiv. Als Freizeitsportlerin probierte ich vieles aus \u2013 vom Drachenfliegen \u00fcber Sportklettern bis hin zum Marathonlaufen. Bewegung, Natur und K\u00f6rperbewusstsein waren dabei stets eng miteinander verbunden.<\/p>\n<p data-start=\"2111\" data-end=\"2445\">All diese Erfahrungen \u2013 die N\u00e4he zur Natur, die Arbeit in den Bergen, die Auseinandersetzung mit Gesundheit, Bewegung und ganzheitlichen Ans\u00e4tzen \u2013 bilden heute das Fundament meiner Haltung und meiner Arbeit. Die tiefe Naturverbundenheit, die mich seit meiner Kindheit begleitet, ist bis heute ein zentraler Bestandteil meines Lebens.<\/p>\n<p>[\/et_pb_text][et_pb_button button_text=&#8220;Entdecke mehr&#8220; _builder_version=&#8220;4.27.5&#8243; _module_preset=&#8220;92eaccd2-ffea-4ebb-82ff-e123fec0fcc8&#8243; locked=&#8220;off&#8220; global_colors_info=&#8220;{}&#8220;][\/et_pb_button][\/et_pb_column][\/et_pb_row][\/et_pb_section][et_pb_section fb_built=&#8220;1&#8243; admin_label=&#8220;Ebooks&#8220; _builder_version=&#8220;4.27.0&#8243; _module_preset=&#8220;default&#8220; locked=&#8220;off&#8220; collapsed=&#8220;on&#8220; global_colors_info=&#8220;{}&#8220;][et_pb_row _builder_version=&#8220;4.25.1&#8243; _module_preset=&#8220;default&#8220; global_colors_info=&#8220;{}&#8220;][et_pb_column type=&#8220;4_4&#8243; _builder_version=&#8220;4.25.1&#8243; _module_preset=&#8220;default&#8220; global_colors_info=&#8220;{}&#8220;][et_pb_heading title=&#8220;Buchempfehlungen&#8220; _builder_version=&#8220;4.25.1&#8243; _module_preset=&#8220;214ff0f0-ebdf-4ebf-b27d-55532042b669&#8243; title_text_align=&#8220;center&#8220; custom_margin=&#8220;||10px||false|false&#8220; locked=&#8220;off&#8220;][\/et_pb_heading][\/et_pb_column][\/et_pb_row][et_pb_row column_structure=&#8220;1_6,1_6,1_6,1_6,1_6,1_6&#8243; _builder_version=&#8220;4.25.1&#8243; _module_preset=&#8220;default&#8220; max_width=&#8220;none&#8220; locked=&#8220;off&#8220; global_colors_info=&#8220;{}&#8220;][et_pb_column type=&#8220;1_6&#8243; _builder_version=&#8220;4.25.1&#8243; _module_preset=&#8220;default&#8220; global_colors_info=&#8220;{}&#8220;][et_pb_image src=&#8220;https:\/\/anitamancini.eu\/wp-content\/uploads\/2026\/03\/IMG_7595.heic&#8220; title_text=&#8220;IMG_7595&#8243; url=&#8220;#&#8220; _builder_version=&#8220;4.27.5&#8243; _module_preset=&#8220;f21fbe5f-88e4-4164-80c5-5463807b31f3&#8243; box_shadow_color=&#8220;rgba(0,0,0,0.11)&#8220; locked=&#8220;off&#8220; global_colors_info=&#8220;{}&#8220; box_shadow_color__hover_enabled=&#8220;on|hover&#8220; box_shadow_color__hover=&#8220;&#8220;][\/et_pb_image][\/et_pb_column][et_pb_column type=&#8220;1_6&#8243; _builder_version=&#8220;4.25.1&#8243; _module_preset=&#8220;default&#8220; global_colors_info=&#8220;{}&#8220;][et_pb_image src=&#8220;https:\/\/anitamancini.eu\/wp-content\/uploads\/2026\/03\/IMG_7592.heic&#8220; title_text=&#8220;IMG_7592&#8243; _builder_version=&#8220;4.27.5&#8243; _module_preset=&#8220;f21fbe5f-88e4-4164-80c5-5463807b31f3&#8243; box_shadow_color=&#8220;rgba(0,0,0,0.11)&#8220; global_colors_info=&#8220;{}&#8220; box_shadow_color__hover=&#8220;&#8220; box_shadow_color__hover_enabled=&#8220;on|hover&#8220;][\/et_pb_image][\/et_pb_column][et_pb_column type=&#8220;1_6&#8243; _builder_version=&#8220;4.25.1&#8243; _module_preset=&#8220;default&#8220; global_colors_info=&#8220;{}&#8220;][et_pb_image src=&#8220;https:\/\/anitamancini.eu\/wp-content\/uploads\/2026\/03\/IMG_7591.heic&#8220; title_text=&#8220;IMG_7591&#8243; _builder_version=&#8220;4.27.5&#8243; _module_preset=&#8220;f21fbe5f-88e4-4164-80c5-5463807b31f3&#8243; box_shadow_color=&#8220;rgba(0,0,0,0.11)&#8220; global_colors_info=&#8220;{}&#8220; box_shadow_color__hover=&#8220;&#8220; box_shadow_color__hover_enabled=&#8220;on|hover&#8220;][\/et_pb_image][\/et_pb_column][et_pb_column type=&#8220;1_6&#8243; _builder_version=&#8220;4.25.1&#8243; _module_preset=&#8220;default&#8220; global_colors_info=&#8220;{}&#8220;][et_pb_image src=&#8220;https:\/\/anitamancini.eu\/wp-content\/uploads\/2026\/03\/IMG_7590.heic&#8220; title_text=&#8220;IMG_7590&#8243; _builder_version=&#8220;4.27.5&#8243; _module_preset=&#8220;f21fbe5f-88e4-4164-80c5-5463807b31f3&#8243; box_shadow_color=&#8220;rgba(0,0,0,0.11)&#8220; global_colors_info=&#8220;{}&#8220; box_shadow_color__hover=&#8220;&#8220; box_shadow_color__hover_enabled=&#8220;on|hover&#8220;][\/et_pb_image][\/et_pb_column][et_pb_column type=&#8220;1_6&#8243; _builder_version=&#8220;4.25.1&#8243; _module_preset=&#8220;default&#8220; global_colors_info=&#8220;{}&#8220;][et_pb_image src=&#8220;https:\/\/anitamancini.eu\/wp-content\/uploads\/2026\/03\/IMG_7593.heic&#8220; title_text=&#8220;IMG_7593&#8243; _builder_version=&#8220;4.27.5&#8243; _module_preset=&#8220;f21fbe5f-88e4-4164-80c5-5463807b31f3&#8243; box_shadow_color=&#8220;rgba(0,0,0,0.11)&#8220; global_colors_info=&#8220;{}&#8220; box_shadow_color__hover=&#8220;&#8220; box_shadow_color__hover_enabled=&#8220;on|hover&#8220;][\/et_pb_image][\/et_pb_column][et_pb_column type=&#8220;1_6&#8243; _builder_version=&#8220;4.25.1&#8243; _module_preset=&#8220;default&#8220; global_colors_info=&#8220;{}&#8220;][et_pb_image src=&#8220;https:\/\/anitamancini.eu\/wp-content\/uploads\/2026\/03\/IMG_7594.heic&#8220; title_text=&#8220;IMG_7594&#8243; _builder_version=&#8220;4.27.5&#8243; _module_preset=&#8220;f21fbe5f-88e4-4164-80c5-5463807b31f3&#8243; box_shadow_color=&#8220;rgba(0,0,0,0.11)&#8220; global_colors_info=&#8220;{}&#8220; box_shadow_color__hover=&#8220;&#8220; box_shadow_color__hover_enabled=&#8220;on|hover&#8220;][\/et_pb_image][\/et_pb_column][\/et_pb_row][et_pb_row _builder_version=&#8220;4.25.1&#8243; _module_preset=&#8220;default&#8220; global_colors_info=&#8220;{}&#8220;][et_pb_column type=&#8220;4_4&#8243; _builder_version=&#8220;4.25.1&#8243; _module_preset=&#8220;default&#8220; global_colors_info=&#8220;{}&#8220;][et_pb_button button_text=&#8220;Tipps f\u00fcr holistische Gesundheit&#8220; button_alignment=&#8220;center&#8220; _builder_version=&#8220;4.27.5&#8243; _module_preset=&#8220;f88c0b16-7cb4-41aa-a352-fa290ab92714&#8243; button_text_size=&#8220;20px&#8220; button_bg_color=&#8220;rgba(4,47,76,0.79)&#8220; button_bg_use_color_gradient=&#8220;on&#8220; button_bg_color_gradient_direction=&#8220;100deg&#8220; button_bg_color_gradient_stops=&#8220;#2b87da 2%|#29c4a9 100%&#8220; button_bg_color_gradient_unit=&#8220;ch&#8220; button_border_radius=&#8220;6px&#8220; button_letter_spacing=&#8220;0em&#8220; button_icon=&#8220;&#x49;||divi||400&#8243; animation_style=&#8220;fade&#8220; global_colors_info=&#8220;{}&#8220;][\/et_pb_button][\/et_pb_column][\/et_pb_row][\/et_pb_section][et_pb_section fb_built=&#8220;1&#8243; admin_label=&#8220;Testimonial&#8220; _builder_version=&#8220;4.25.2&#8243; _module_preset=&#8220;929b8c81-903b-4a6c-affb-2dfcb5397edd&#8220; locked=&#8220;off&#8220; collapsed=&#8220;on&#8220; global_colors_info=&#8220;{}&#8220;][et_pb_row _builder_version=&#8220;4.25.2&#8243; _module_preset=&#8220;default&#8220; locked=&#8220;off&#8220; global_colors_info=&#8220;{}&#8220;][et_pb_column type=&#8220;4_4&#8243; _builder_version=&#8220;4.25.2&#8243; _module_preset=&#8220;547396cd-e47d-45fe-b0c5-99030455d8ac&#8220; custom_padding_tablet=&#8220;&#8220; custom_padding_phone=&#8220;&#8220; custom_padding_last_edited=&#8220;on|phone&#8220; global_colors_info=&#8220;{}&#8220;][et_pb_heading title=&#8220;Nicht unser Kalender bestimmt die Jahreszeiten, sondern die Neigung der Erdachse in Kombination mit dem Umlauf der Erde um die Sonne. &#8220; _builder_version=&#8220;4.27.5&#8243; _module_preset=&#8220;a08648e3-3cef-40af-8f87-3b454028a8a8&#8243; title_text_align=&#8220;center&#8220; title_text_color=&#8220;#FFFFFF&#8220; locked=&#8220;off&#8220;][\/et_pb_heading][et_pb_heading title=&#8220;- The Extra&#8220; _builder_version=&#8220;4.25.1&#8243; _module_preset=&#8220;bd73ba0e-da11-44cd-9a1a-c654e5c37053&#8243; title_text_align=&#8220;center&#8220; title_text_color=&#8220;#FFFFFF&#8220; custom_margin=&#8220;||0px||false|false&#8220; locked=&#8220;off&#8220;][\/et_pb_heading][\/et_pb_column][\/et_pb_row][\/et_pb_section][et_pb_section fb_built=&#8220;1&#8243; admin_label=&#8220;Events&#8220; _builder_version=&#8220;4.27.0&#8243; _module_preset=&#8220;default&#8220; locked=&#8220;off&#8220; collapsed=&#8220;on&#8220; global_colors_info=&#8220;{}&#8220;][et_pb_row _builder_version=&#8220;4.25.1&#8243; _module_preset=&#8220;default&#8220; locked=&#8220;off&#8220; global_colors_info=&#8220;{}&#8220;][et_pb_column type=&#8220;4_4&#8243; _builder_version=&#8220;4.25.1&#8243; _module_preset=&#8220;default&#8220; global_colors_info=&#8220;{}&#8220;][et_pb_heading title=&#8220;Gedanken &#038; Events&#8220; _builder_version=&#8220;4.27.5&#8243; _module_preset=&#8220;214ff0f0-ebdf-4ebf-b27d-55532042b669&#8243; title_text_align=&#8220;center&#8220; custom_margin=&#8220;||10px||false|false&#8220; locked=&#8220;off&#8220;][\/et_pb_heading][\/et_pb_column][\/et_pb_row][et_pb_row column_structure=&#8220;1_3,2_3&#8243; _builder_version=&#8220;4.25.2&#8243; _module_preset=&#8220;5d061f27-fab7-47de-b037-4d59a271a38d&#8220; custom_margin=&#8220;||40px||false|false&#8220; custom_margin_tablet=&#8220;||30px||false|false&#8220; custom_margin_phone=&#8220;||20px||false|false&#8220; custom_margin_last_edited=&#8220;on|phone&#8220; global_colors_info=&#8220;{}&#8220;][et_pb_column type=&#8220;1_3&#8243; _builder_version=&#8220;4.25.1&#8243; _module_preset=&#8220;default&#8220; global_colors_info=&#8220;{}&#8220;][et_pb_heading title=&#8220;M\u00e4rz 2026&#8243; _builder_version=&#8220;4.27.5&#8243; _module_preset=&#8220;bd73ba0e-da11-44cd-9a1a-c654e5c37053&#8243; title_text_color=&#8220;gcid-secondary-color&#8220; custom_margin=&#8220;||0px||false|false&#8220; locked=&#8220;off&#8220; global_colors_info=&#8220;{%22gcid-secondary-color%22:%91%22title_text_color%22%93}&#8220;][\/et_pb_heading][et_pb_text _builder_version=&#8220;4.27.5&#8243; _module_preset=&#8220;ffd25215-b48d-4fbc-a4f2-263d9c118183&#8243; global_colors_info=&#8220;{}&#8220;]<\/p>\n<p>Toblach, den 20. M\u00e4rz 2026<\/p>\n<p>[\/et_pb_text][\/et_pb_column][et_pb_column type=&#8220;2_3&#8243; _builder_version=&#8220;4.25.1&#8243; _module_preset=&#8220;default&#8220; global_colors_info=&#8220;{}&#8220;][et_pb_heading title=&#8220;Live Reading&#8220; _builder_version=&#8220;4.25.1&#8243; _module_preset=&#8220;bd73ba0e-da11-44cd-9a1a-c654e5c37053&#8243; custom_margin=&#8220;||0px||false|false&#8220; locked=&#8220;off&#8220;][\/et_pb_heading][et_pb_text _builder_version=&#8220;4.27.0&#8243; _module_preset=&#8220;ffd25215-b48d-4fbc-a4f2-263d9c118183&#8243; global_colors_info=&#8220;{}&#8220;]<\/p>\n<p>In der heutigen Welt wo alles dem Schein und dem Erfolg zu folgen scheint, werden oft hohe Anforderungen gestellt. Unwillk\u00fcrlich bem\u00fchen sich die meisten von uns diesen Anforderungen gerecht zu werden. Wir werden von Informationen \u00fcberflutet, man denkt man muss mit allem mithalten und verliert sich in Gedankenz\u00fcgen, die einem gar nicht geh\u00f6ren. Man wirft Abnehmpillen ein, Elektrolyte und Nahrungserg\u00e4nzungsmittel meist ohne Kontrolle und Bedacht ein. Unwissenheit sch\u00fctzt nicht von gesundheitlichen Folgen. \u00a0Damit haben einige Menschen Schwierigkeiten und geraten ohne es zu merken aus ihrem inneren Gleichgewicht. Dieser unterschwellige Stress sollte irgendwann entschleunigt oder abgegeben werden, sonst wird der K\u00f6rper seine Warnsignale senden&#8230;<\/p>\n<p>Gesundheit ist eine Entscheidung.<\/p>\n<p>Einiges ist Vererbung.<\/p>\n<p>Doch vieles liegt in unserer Hand.<\/p>\n<p>Vorbeugen ist die Devise..<\/p>\n<p>&nbsp;<\/p>\n<p>[\/et_pb_text][et_pb_button button_text=&#8220;Ern\u00e4hrngsweisheiten&#8220; _builder_version=&#8220;4.27.5&#8243; _module_preset=&#8220;35f7ea91-998a-4d64-94a4-fe5ba6ae59de&#8220; locked=&#8220;off&#8220; global_colors_info=&#8220;{}&#8220;][\/et_pb_button][\/et_pb_column][\/et_pb_row][\/et_pb_section]<\/p>\n","protected":false},"excerpt":{"rendered":"<p>&nbsp; Im Einklang mit der Natur \u2013 f\u00fcr ganzheitliche Gesundheit Die Natur ist meine gr\u00f6\u00dfte Lehrmeisterin. Sie zeigt uns jeden Tag, dass alles miteinander verbunden ist \u2013 auch wir Menschen sind ein Teil von ihr. Wenn wir wieder lernen, im Einklang mit der Natur zu leben, kann Gesundheit auf allen Ebenen entstehen. Seit jeher besch\u00e4ftige [&hellip;]<\/p>\n","protected":false},"author":1,"featured_media":0,"parent":0,"menu_order":0,"comment_status":"closed","ping_status":"closed","template":"","meta":{"_et_pb_use_builder":"on","_et_pb_old_content":"","_et_gb_content_width":"","footnotes":""},"class_list":["post-19","page","type-page","status-publish","hentry"],"_links":{"self":[{"href":"https:\/\/anitamancini.eu\/index.php\/wp-json\/wp\/v2\/pages\/19","targetHints":{"allow":["GET"]}}],"collection":[{"href":"https:\/\/anitamancini.eu\/index.php\/wp-json\/wp\/v2\/pages"}],"about":[{"href":"https:\/\/anitamancini.eu\/index.php\/wp-json\/wp\/v2\/types\/page"}],"author":[{"embeddable":true,"href":"https:\/\/anitamancini.eu\/index.php\/wp-json\/wp\/v2\/users\/1"}],"replies":[{"embeddable":true,"href":"https:\/\/anitamancini.eu\/index.php\/wp-json\/wp\/v2\/comments?post=19"}],"version-history":[{"count":23,"href":"https:\/\/anitamancini.eu\/index.php\/wp-json\/wp\/v2\/pages\/19\/revisions"}],"predecessor-version":[{"id":288,"href":"https:\/\/anitamancini.eu\/index.php\/wp-json\/wp\/v2\/pages\/19\/revisions\/288"}],"wp:attachment":[{"href":"https:\/\/anitamancini.eu\/index.php\/wp-json\/wp\/v2\/media?parent=19"}],"curies":[{"name":"wp","href":"https:\/\/api.w.org\/{rel}","templated":true}]}}