{"id":7,"date":"2025-12-17T22:53:06","date_gmt":"2025-12-17T22:53:06","guid":{"rendered":"https:\/\/anitamancini.eu\/?page_id=7"},"modified":"2026-03-20T16:59:34","modified_gmt":"2026-03-20T16:59:34","slug":"about","status":"publish","type":"page","link":"https:\/\/anitamancini.eu\/index.php\/about\/","title":{"rendered":"About"},"content":{"rendered":"<p>[et_pb_section fb_built=&#8220;1&#8243; admin_label=&#8220;Header&#8220; _builder_version=&#8220;4.25.1&#8243; _module_preset=&#8220;default&#8220; background_enable_color=&#8220;off&#8220; locked=&#8220;off&#8220; collapsed=&#8220;on&#8220; global_colors_info=&#8220;{%22gcid-545c17f1-4e53-478d-9e2b-03daafc524a2%22:%91%22background_color%22%93}&#8220;][et_pb_row column_structure=&#8220;1_2,1_2&#8243; _builder_version=&#8220;4.27.5&#8243; _module_preset=&#8220;default&#8220; global_colors_info=&#8220;{}&#8220;][et_pb_column type=&#8220;1_2&#8243; _builder_version=&#8220;4.25.2&#8243; _module_preset=&#8220;5549522c-e0df-4d15-a838-e5644fca3dae&#8220; custom_padding=&#8220;10%|10%|10%|10%|true|true&#8220; custom_padding_last_edited=&#8220;off|desktop&#8220; global_colors_info=&#8220;{%22gcid-834db33f-400f-4068-917d-2de62be3172e%22:%91%22border_color_all%22%93,%22gcid-primary-color%22:%91%22form_field_focus_text_color%22%93,%22gcid-2a386b1e-9149-40c6-b24d-5e9fedecf039%22:%91%22button_text_color%22%93}&#8220;][et_pb_image src=&#8220;https:\/\/anitamancini.eu\/wp-content\/uploads\/2026\/01\/IMG_0007-2.jpg&#8220; title_text=&#8220;@anitamancini.eu&#8220; _builder_version=&#8220;4.27.5&#8243; _module_preset=&#8220;3a3b353d-8030-465f-9af8-e350bbe1d6c5&#8243; locked=&#8220;off&#8220; global_colors_info=&#8220;{}&#8220;][\/et_pb_image][\/et_pb_column][et_pb_column type=&#8220;1_2&#8243; _builder_version=&#8220;4.25.1&#8243; _module_preset=&#8220;default&#8220; global_colors_info=&#8220;{}&#8220;][et_pb_heading title=&#8220;Anita Mancini&#8220; _builder_version=&#8220;4.25.1&#8243; _module_preset=&#8220;4c6e5231-6781-4ecc-8c77-f254a7fb9546&#8243; custom_margin=&#8220;||10px||false|false&#8220; locked=&#8220;off&#8220; global_colors_info=&#8220;{}&#8220;][\/et_pb_heading][et_pb_heading title=&#8220;\u00fcber mich..&#8220; _builder_version=&#8220;4.27.5&#8243; _module_preset=&#8220;4bf2f792-b6a1-4e5d-9516-8791a97ea02f&#8220; title_text_color=&#8220;gcid-secondary-color&#8220; locked=&#8220;off&#8220; global_colors_info=&#8220;{%22gcid-secondary-color%22:%91%22title_text_color%22%93}&#8220;][\/et_pb_heading][et_pb_text _builder_version=&#8220;4.27.5&#8243; _module_preset=&#8220;ffd25215-b48d-4fbc-a4f2-263d9c118183&#8243; global_colors_info=&#8220;{}&#8220;]<\/p>\n<p data-start=\"276\" data-end=\"638\">Schon als Kind war ich viel in der Natur unterwegs. Einen pr\u00e4genden Einfluss hatten dabei meine Gro\u00dfeltern v\u00e4terlicherseits, die als Selbstversorger im Norden der Region Latium, am Ausl\u00e4ufer des Apennins, lebten. Dort lernte ich fr\u00fch den respektvollen Umgang mit der Natur, den Wert von Einfachheit und die tiefe Verbundenheit mit nat\u00fcrlichen Kreisl\u00e4ufen kennen.<\/p>\n<p data-start=\"640\" data-end=\"1166\">Aufgewachsen bin ich in S\u00fcdtirol, einer Landschaft, die meine Beziehung zur Natur weiter vertieft hat. Die Berge wurden zu einem festen Bestandteil meines Lebens. Diese Verbundenheit zeigte sich sp\u00e4ter auch in meiner beruflichen Laufbahn: Als Naturparkbetreuerin im Naturpark Rieserferner-Ahrn war ich t\u00e4glich in den Bergen unterwegs. Viele dieser Wege ging ich allein \u2013 und gerade in diesen stillen Momenten erlebte ich eine tiefe Ruhe und Erdung, eine N\u00e4he zur Natur, die mich nachhaltig gepr\u00e4gt hat und bis heute begleitet.<\/p>\n<p data-start=\"1168\" data-end=\"1486\">Nach eigenen gesundheitlichen Herausforderungen begann ich, mich intensiv mit dem Thema Ern\u00e4hrung und ganzheitlicher Gesundheit auseinanderzusetzen. Dieser pers\u00f6nliche Weg f\u00fchrte mich zu einer Ausbildung als Fachberaterin f\u00fcr holistische Gesundheit. Erg\u00e4nzend dazu absolvierte ich eine Aromatherapieausbildung in Graz.<\/p>\n<p data-start=\"1488\" data-end=\"1857\">Meine Leidenschaft f\u00fcr den menschlichen K\u00f6rper und seine Zusammenh\u00e4nge vertiefte ich weiter mit der Ausbildung zur gewerblichen Masseurin und Sportmasseurin an der Massagefachschule in Graz. Im Rahmen dieser Ausbildung erwarb ich fundierte Kenntnisse in Anatomie und Pathologie sowie in der Traditionellen Chinesischen Medizin (TCM) und der Akupunkturmassage nach Benz.<\/p>\n<p data-start=\"1859\" data-end=\"2109\">Auch sportlich war ich in jungen Jahren sehr aktiv. Als Freizeitsportlerin probierte ich vieles aus \u2013 vom Drachenfliegen \u00fcber Sportklettern bis hin zum Marathonlaufen. Bewegung, Natur und K\u00f6rperbewusstsein waren dabei stets eng miteinander verbunden.<\/p>\n<p data-start=\"2111\" data-end=\"2445\">All diese Erfahrungen \u2013 die N\u00e4he zur Natur, die Arbeit in den Bergen, die Auseinandersetzung mit Gesundheit, Bewegung und ganzheitlichen Ans\u00e4tzen \u2013 bilden heute das Fundament meiner Haltung und meiner Arbeit. Die tiefe Naturverbundenheit, die mich seit meiner Kindheit begleitet, ist bis heute ein zentraler Bestandteil meines Lebens.<\/p>\n<p>[\/et_pb_text][et_pb_button button_url=&#8220;https:\/\/www.kloster-neustift.it\/de\/bildungshaus\/weiterbildung-kurse\/detail\/mineralwasserverkostungs-seminar-1020649\/&#8220; button_text=&#8220;Meine Vortr\u00e4ge&#8220; _builder_version=&#8220;4.27.5&#8243; _module_preset=&#8220;92eaccd2-ffea-4ebb-82ff-e123fec0fcc8&#8243; global_colors_info=&#8220;{}&#8220;][\/et_pb_button][\/et_pb_column][\/et_pb_row][\/et_pb_section][et_pb_section fb_built=&#8220;1&#8243; admin_label=&#8220;About&#8220; _builder_version=&#8220;4.25.1&#8243; _module_preset=&#8220;default&#8220; locked=&#8220;off&#8220; collapsed=&#8220;on&#8220; global_colors_info=&#8220;{}&#8220;][et_pb_row _builder_version=&#8220;4.25.2&#8243; _module_preset=&#8220;5d061f27-fab7-47de-b037-4d59a271a38d&#8220; global_colors_info=&#8220;{}&#8220;][et_pb_column type=&#8220;4_4&#8243; _builder_version=&#8220;4.25.1&#8243; _module_preset=&#8220;default&#8220; global_colors_info=&#8220;{}&#8220;][et_pb_heading title=&#8220;Das Unsichtbare&#8220; _builder_version=&#8220;4.25.1&#8243; _module_preset=&#8220;214ff0f0-ebdf-4ebf-b27d-55532042b669&#8243; custom_margin=&#8220;||10px||false|false&#8220; locked=&#8220;off&#8220; global_colors_info=&#8220;{}&#8220;][\/et_pb_heading][et_pb_text _builder_version=&#8220;4.27.0&#8243; _module_preset=&#8220;ffd25215-b48d-4fbc-a4f2-263d9c118183&#8243; locked=&#8220;off&#8220; global_colors_info=&#8220;{}&#8220;]<\/p>\n<div class=\"relative basis-auto flex-col -mb-(--composer-overlap-px) [--composer-overlap-px:55px] grow flex\">\n<div class=\"flex flex-col text-sm pb-25\">\n<article class=\"text-token-text-primary w-full focus:outline-none [--shadow-height:45px] has-data-writing-block:pointer-events-none has-data-writing-block:-mt-(--shadow-height) has-data-writing-block:pt-(--shadow-height) [&amp;:has([data-writing-block])&gt;*]:pointer-events-auto [content-visibility:auto] supports-[content-visibility:auto]:[contain-intrinsic-size:auto_100lvh] scroll-mt-[calc(var(--header-height)+min(200px,max(70px,20svh)))]\" dir=\"auto\" data-turn-id=\"request-WEB:4cdc3d0b-45d1-4449-89c3-6050b7bc2419-0\" data-testid=\"conversation-turn-2\" data-scroll-anchor=\"true\" data-turn=\"assistant\" tabindex=\"-1\">\n<div class=\"text-base my-auto mx-auto pb-10 [--thread-content-margin:--spacing(4)] @w-sm\/main:[--thread-content-margin:--spacing(6)] @w-lg\/main:[--thread-content-margin:--spacing(16)] px-(--thread-content-margin)\">\n<div class=\"[--thread-content-max-width:40rem] @w-lg\/main:[--thread-content-max-width:48rem] mx-auto max-w-(--thread-content-max-width) flex-1 group\/turn-messages focus-visible:outline-hidden relative flex w-full min-w-0 flex-col agent-turn\" tabindex=\"-1\">\n<div class=\"flex max-w-full flex-col grow\">\n<div data-message-author-role=\"assistant\" data-message-id=\"e9e700ef-f90b-4451-b682-a112fc030147\" dir=\"auto\" class=\"min-h-8 text-message relative flex w-full flex-col items-end gap-2 text-start break-words whitespace-normal [.text-message+&amp;]:mt-1\" data-message-model-slug=\"gpt-5-2\">\n<div class=\"flex w-full flex-col gap-1 empty:hidden first:pt-[1px]\">\n<div class=\"markdown prose dark:prose-invert w-full wrap-break-word dark markdown-new-styling\">\n<p data-start=\"156\" data-end=\"464\">Mich faszinieren jene Dinge, die man nicht anfassen kann und die dennoch allgegenw\u00e4rtig sind. Dinge, die man nicht besitzt, sondern erlebt. Ein Sonnenaufgang, der den Tag leise er\u00f6ffnet. Das Rauschen eines Wasserfalls. Der Duft feuchter Waldluft nach einem Regen. Die w\u00e4rmende Pr\u00e4senz der Sonne auf der Haut.<\/p>\n<p data-start=\"466\" data-end=\"812\">Diese scheinbar fl\u00fcchtigen Momente tragen eine enorme Kraft in sich. Sie ber\u00fchren uns unmittelbar, wirken auf unser Inneres, ver\u00e4ndern Stimmungen, Gedanken und Perspektiven \u2013 oft ganz ohne Worte. Und doch sind es genau diese nat\u00fcrlichen, elementaren Erfahrungen, die in unserer schnellen, reiz\u00fcberfluteten Welt zunehmend in Vergessenheit geraten.<\/p>\n<p data-start=\"814\" data-end=\"1132\">Meine Arbeit ist von dieser Faszination getragen: dem Bewusstsein f\u00fcr das Unsichtbare, das dennoch sp\u00fcrbar ist. F\u00fcr das, was den Menschen tief beeinflusst, ohne laut zu sein. Ich glaube daran, dass echte Wirkung dort entsteht, wo wir wieder lernen, wahrzunehmen, zu f\u00fchlen und uns mit dem zu verbinden, was uns umgibt.<\/p>\n<hr data-start=\"1134\" data-end=\"1137\" \/><\/div>\n<\/div>\n<\/div>\n<\/div>\n<\/div>\n<\/div>\n<\/article>\n<\/div>\n<\/div>\n<div id=\"thread-bottom-container\" class=\"sticky bottom-0 group\/thread-bottom-container relative isolate z-10 w-full basis-auto has-data-has-thread-error:pt-2 has-data-has-thread-error:[box-shadow:var(--sharp-edge-bottom-shadow)] md:border-transparent md:pt-0 dark:border-white\/20 md:dark:border-transparent print:hidden content-fade flex flex-col\">\n<div id=\"thread-bottom\">\n<div class=\"text-base mx-auto [--thread-content-margin:--spacing(4)] @w-sm\/main:[--thread-content-margin:--spacing(6)] @w-lg\/main:[--thread-content-margin:--spacing(16)] px-(--thread-content-margin)\">\n<div class=\"[--thread-content-max-width:40rem] @w-lg\/main:[--thread-content-max-width:48rem] mx-auto max-w-(--thread-content-max-width) flex-1 mb-4\">\n<div class=\"pointer-events-auto relative z-1 flex h-(--composer-container-height,100%) max-w-full flex-(--composer-container-flex,1) flex-col\">\n<form class=\"group\/composer w-full\" data-expanded=\"\" data-type=\"unified-composer\">\n<div class=\"\">\n<div class=\"bg-token-bg-primary corner-superellipse\/1.1 cursor-text overflow-clip bg-clip-padding p-2.5 contain-inline-size motion-safe:transition-colors motion-safe:duration-200 motion-safe:ease-in-out dark:bg-[#303030] grid grid-cols-[auto_1fr_auto] [grid-template-areas:'header_header_header'_'leading_primary_trailing'_'._footer_.'] group-data-expanded\/composer:[grid-template-areas:'header_header_header'_'primary_primary_primary'_'leading_footer_trailing'] shadow-short\" data-composer-surface=\"true\">\n<div class=\"-my-2.5 flex min-h-14 items-center overflow-x-hidden px-1.5 [grid-area:primary] group-data-expanded\/composer:mb-0 group-data-expanded\/composer:px-2.5\">\n<div class=\"wcDTda_prosemirror-parent text-token-text-primary max-h-[max(30svh,5rem)] max-h-52 min-h-[var(--deep-research-composer-extra-height,unset)] flex-1 overflow-auto [scrollbar-width:thin] firefox vertical-scroll-fade-mask\">\n<div contenteditable=\"true\" translate=\"no\" class=\"ProseMirror\" id=\"prompt-textarea\" data-virtualkeyboard=\"true\">\n<p data-placeholder=\"Stelle irgendeine Frage\" class=\"placeholder\">\n<\/div>\n<\/div>\n<\/div>\n<div data-testid=\"composer-footer-actions\" class=\"-m-1 max-w-full overflow-x-auto p-1 [grid-area:footer] [scrollbar-width:none] group-not-data-expanded\/composer:-mb-12\">\n<div class=\"flex min-w-fit items-center gap-1.5 ps-0 pe-1.5\">\n<div data-testid=\"composer-action-file-upload\">\n<div class=\"relative\"><\/div>\n<\/div>\n<\/div>\n<\/div>\n<\/div>\n<\/div>\n<\/form>\n<\/div>\n<\/div>\n<\/div>\n<\/div>\n<\/div>\n<p>[\/et_pb_text][\/et_pb_column][\/et_pb_row][\/et_pb_section]<\/p>\n","protected":false},"excerpt":{"rendered":"<p>Schon als Kind war ich viel in der Natur unterwegs. Einen pr\u00e4genden Einfluss hatten dabei meine Gro\u00dfeltern v\u00e4terlicherseits, die als Selbstversorger im Norden der Region Latium, am Ausl\u00e4ufer des Apennins, lebten. Dort lernte ich fr\u00fch den respektvollen Umgang mit der Natur, den Wert von Einfachheit und die tiefe Verbundenheit mit nat\u00fcrlichen Kreisl\u00e4ufen kennen. Aufgewachsen bin [&hellip;]<\/p>\n","protected":false},"author":1,"featured_media":0,"parent":0,"menu_order":0,"comment_status":"closed","ping_status":"closed","template":"","meta":{"_et_pb_use_builder":"on","_et_pb_old_content":"","_et_gb_content_width":"","footnotes":""},"class_list":["post-7","page","type-page","status-publish","hentry"],"_links":{"self":[{"href":"https:\/\/anitamancini.eu\/index.php\/wp-json\/wp\/v2\/pages\/7","targetHints":{"allow":["GET"]}}],"collection":[{"href":"https:\/\/anitamancini.eu\/index.php\/wp-json\/wp\/v2\/pages"}],"about":[{"href":"https:\/\/anitamancini.eu\/index.php\/wp-json\/wp\/v2\/types\/page"}],"author":[{"embeddable":true,"href":"https:\/\/anitamancini.eu\/index.php\/wp-json\/wp\/v2\/users\/1"}],"replies":[{"embeddable":true,"href":"https:\/\/anitamancini.eu\/index.php\/wp-json\/wp\/v2\/comments?post=7"}],"version-history":[{"count":12,"href":"https:\/\/anitamancini.eu\/index.php\/wp-json\/wp\/v2\/pages\/7\/revisions"}],"predecessor-version":[{"id":163,"href":"https:\/\/anitamancini.eu\/index.php\/wp-json\/wp\/v2\/pages\/7\/revisions\/163"}],"wp:attachment":[{"href":"https:\/\/anitamancini.eu\/index.php\/wp-json\/wp\/v2\/media?parent=7"}],"curies":[{"name":"wp","href":"https:\/\/api.w.org\/{rel}","templated":true}]}}